{"id":51008,"date":"2023-04-12T10:07:11","date_gmt":"2023-04-12T16:07:11","guid":{"rendered":"https:\/\/ldm.gob.mx\/transparencia\/?page_id=51008"},"modified":"2025-01-23T13:51:39","modified_gmt":"2025-01-23T19:51:39","slug":"bienes-patrimoniales","status":"publish","type":"page","link":"https:\/\/ldm.gob.mx\/transparencia\/bienes-patrimoniales\/","title":{"rendered":"Bienes Patrimoniales"},"content":{"rendered":"\t\t<div data-elementor-type=\"wp-page\" data-elementor-id=\"51008\" class=\"elementor elementor-51008\" data-elementor-post-type=\"page\">\n\t\t\t\t<div class=\"elementor-element elementor-element-73a0436 e-flex e-con-boxed e-con e-parent\" data-id=\"73a0436\" data-element_type=\"container\">\n\t\t\t\t\t<div class=\"e-con-inner\">\n\t\t\t\t<div class=\"elementor-element elementor-element-29645df elementor-widget elementor-widget-text-editor\" data-id=\"29645df\" data-element_type=\"widget\" data-widget_type=\"text-editor.default\">\n\t\t\t\t<div class=\"elementor-widget-container\">\n\t\t\t\t\t\t\t\t\t<h2><strong><span style=\"color: #333333;\"><img decoding=\"async\" class=\"alignnone  wp-image-67754\" src=\"https:\/\/ldm.gob.mx\/transparencia\/wp-content\/uploads\/2024\/10\/bienes-de-la-ciudad.png\" alt=\"\" width=\"79\" height=\"79\" \/>Bienes Patrimoniales<\/span><\/strong><\/h2><p>Registro de inventarios generales, altas, bajas y donaciones de bienes muebles e inmuebles propiedad del municipio de Lagos de Moreno.<\/p>\t\t\t\t\t\t\t\t<\/div>\n\t\t\t\t<\/div>\n\t\t\t\t<div class=\"elementor-element elementor-element-b1e469d elementor-widget elementor-widget-text-editor\" data-id=\"b1e469d\" data-element_type=\"widget\" data-widget_type=\"text-editor.default\">\n\t\t\t\t<div class=\"elementor-widget-container\">\n\t\t\t\t\t\t\t\t\t<p><strong>Art\u00edculo 8. Informaci\u00f3n fundamental &#8211; General<br \/><\/strong>1. Es Informaci\u00f3n fundamental, obligatoria para todos los sujetos obligados la siguiente:<\/p>\t\t\t\t\t\t\t\t<\/div>\n\t\t\t\t<\/div>\n\t\t\t\t<div class=\"elementor-element elementor-element-c12e96b elementor-widget elementor-widget-text-editor\" data-id=\"c12e96b\" data-element_type=\"widget\" data-widget_type=\"text-editor.default\">\n\t\t\t\t<div class=\"elementor-widget-container\">\n\t\t\t\t\t\t\t\t\t<p class=\"elementor-heading-title elementor-size-default\">V. LA INFORMACI\u00d3N FINANCIERA, PATRIMONIAL Y ADMINISTRATIVA, QUE COMPRENDE:<\/p>\t\t\t\t\t\t\t\t<\/div>\n\t\t\t\t<\/div>\n\t\t\t\t<div class=\"elementor-element elementor-element-ee882d3 elementor-widget elementor-widget-text-editor\" data-id=\"ee882d3\" data-element_type=\"widget\" data-widget_type=\"text-editor.default\">\n\t\t\t\t<div class=\"elementor-widget-container\">\n\t\t\t\t\t\t\t\t\t<p>r) Los inventarios de bienes muebles e inmuebles del sujeto obligado, de cuando menos los \u00faltimos tres a\u00f1os, donde se se\u00f1ale cuando menos la descripci\u00f3n, el valor, el r\u00e9gimen jur\u00eddico, y el uso o afectaci\u00f3n del bien;<\/p>\t\t\t\t\t\t\t\t<\/div>\n\t\t\t\t<\/div>\n\t\t\t\t<div class=\"elementor-element elementor-element-71630cd elementor-widget elementor-widget-wpfd_choose_category\" data-id=\"71630cd\" data-element_type=\"widget\" data-widget_type=\"wpfd_choose_category.default\">\n\t\t\t\t<div class=\"elementor-widget-container\">\n\t\t\t\t\t<div id=\"wpfd-elementor-category\" class=\"wpfd-elementor-category\"><script type=\"text\/x-handlebars-template\"        id=\"wpfd-template-table-categories-206\">    <div class=\"wpfd-categories \">{{#if category}}{{#with category}}{{#if parent}}<a class=\"catlink backcategory\" href=\"#\" data-idcat=\"{{parent}}\">                        <i class=\"zmdi zmdi-chevron-left\"><\/i><span>Atr\u00e1s<\/span><\/a>{{\/if}}{{\/with}}{{\/if}}{{#if category.desc}}<div class=\"wpfd-category-desc\">{{category.desc}}<\/div>{{\/if}}{{#if categories}}{{#each categories}}<a class=\"wpfdcategory catlink\" style=\"margin : 10px 10px 10px 10px;\" href=\"#\" data-idcat=\"{{term_id}}\" title=\"{{name}}\">                                <span>{{name}}<\/span><i class=\"zmdi zmdi-folder wpfd-folder\"><\/i>                            <\/a>{{\/each}}{{\/if}}<div class=\"wpfdcategory_placeholder\" style=\"margin : 0 10px 0 10px;\"><\/div><div class=\"wpfdcategory_placeholder\" style=\"margin : 0 10px 0 10px;\"><\/div><div class=\"wpfdcategory_placeholder\" style=\"margin : 0 10px 0 10px;\"><\/div><\/div><\/script><script type=\"text\/x-handlebars-template\" id=\"wpfd-template-table-206\">    {{#if files}}    {{#each files}}    <tr class=\"file {{class}} {{ext}}\" data-id=\"{{ID}}\" data-catid=\"{{catid}}\">        <input type=\"hidden\" class=\"wpfd_file_preview_link_download\" value=\"{{linkdownload}}\" data-filetitle=\"{{post_title}}\" data-fileicons=\"ext ext-{{ext}} wpfd-icon-set-svg\" \/>    <td class=\"file_title\"><a class=\"wpfd_downloadlink\" href=\"{{linkdownload}}\" title=\"{{post_title}}\" target=\"{{#if remote_file}}_blank{{\/if}}\"><span class=\"extcol\"><span class=\"ext ext-{{ext}} wpfd-icon-set-svg\"><\/span><\/span>{{{crop_title}}}<\/a><\/td>                    <td class=\"col-download\">                {{#if openpdflink}}<a class=\"openlink wpfdlightbox wpfd_previewlink\" href=\"{{openpdflink}}\" target=\"\">Visualizar                             <i class=\"zmdi zmdi-filter-center-focus wpfd-preview\"><\/i>                        <\/a>{{else}}{{#if viewerlink}}<a                            href=\"{{viewerlink}}\"                            class=\"openlink wpfdlightbox wpfd_previewlink\"                            target=\"\"                            data-id=\"{{ID}}\"                            data-catid=\"{{catid}}\"                            data-file-type=\"{{ext}}\">Visualizar <i class=\"zmdi zmdi-filter-center-focus wpfd-preview\"><\/i>                        <\/a>{{\/if}}{{\/if}}            <\/td>            <\/tr>    {{\/each}}    {{\/if}}<\/script><script type=\"text\/javascript\">    function  initdefaultOption() {        var $           = jQuery;        var checkitem   = $('.wpfdTableMenu .media-item');        var showList    = [];        if (checkitem.length) {            checkitem.each(function () {                if ($(this).prop(\"checked\") == true) {                    showList.push($(this).val());                }            });            if (showList.length > 0) {                jQuery(\"#total-media-list\").val(showList.join(\",\"));            } else {                jQuery(\"#total-media-list\").val(\"\");            }            var desc = \"\";            var category = \"\";            var ver = \"\";            var size = \"\";            var hits = \"\";            var dateadd = \"\";            var download = \"\";            for(var i = 0; i<showList.length;i++) {                if(showList[i] == \"Description\" ) {                    desc = \"Description\";                }                if(showList[i] == \"Category\" ) {                    category = \"Category\";                }                if(showList[i] == \"Version\") {                    ver = \"Version\";                }                if(showList[i] == \"Size\") {                    size = \"Size\";                }                if(showList[i] == \"Hits\") {                    hits = \"Hits\";                }                if(showList[i] == \"Date added\") {                    dateadd = \"Date added\";                }                if(showList[i] == \"Download\") {                    download = \"Download\";                }            }            if(desc === \"Description\") {                jQuery(\".file_desc\").removeClass('filehidden');            } else {                jQuery(\".file_desc\").addClass('filehidden');            }            if(category === \"Category\") {                jQuery(\".file_category\").removeClass('filehidden');            } else {                jQuery(\".file_category\").addClass('filehidden');            }            if (ver === \"Version\") {                jQuery(\".file_version\").removeClass('filehidden');            } else {                jQuery(\".file_version\").addClass('filehidden');            }            if (size === \"Size\") {                jQuery(\".file_size\").removeClass('filehidden');            } else {                jQuery(\".file_size\").addClass('filehidden');            }            if (hits === \"Hits\") {                jQuery(\".file_hits\").removeClass('filehidden');            } else {                jQuery(\".file_hits\").addClass('filehidden');            }            if (dateadd === \"Date added\") {                jQuery(\".file_created\").removeClass('filehidden');            } else {                jQuery(\".file_created\").addClass('filehidden');            }            if (download === \"Download\") {                jQuery(\".file_download_tbl\").removeClass('filehidden');            } else {                jQuery(\".file_download_tbl\").addClass('filehidden');            }                        var wpfdTable = $('.wpfd-results table.wpfd-search-result');            wpfdTable.each(function() {                var visibleRow = $(this).find('tbody tr');                visibleRow.each(function() {                    var visibleColumn = $(this).find('td:not(.filehidden)');                    visibleColumn.each(function() {                        if ($(this).is(visibleColumn.last())) {                            $(this).attr('colspan', 2);                        } else {                            $(this).attr('colspan', 1);                        }                    })                })            })        }    }    function initUploadDefaultOption(container) {        var $           = jQuery;        var checkitem   = $(\".file-upload-content[data-container='\" + container + \"'] .wpfdTableMenu .media-item\");        var showList    = [];        checkitem.each(function () {            if ($(this).prop(\"checked\") == true) {                showList.push($(this).val());            }        });        if (showList.length > 0) {            jQuery(\".file-upload-content[data-container='\" + container + \"'] #total-media-list\").val(showList.join(\",\"));        } else {            jQuery(\".file-upload-content[data-container='\" + container + \"'] #total-media-list\").val(\"\");        }        var desc        = \"\";        var category    = \"\";        var ver         = \"\";        var size        = \"\";        var hits        = \"\";        var dateadd     = \"\";        var download    = \"\";        for(var i = 0; i<showList.length;i++) {            if(showList[i] == \"Description\" ) {                desc = \"Description\";            }            if(showList[i] == \"Category\") {                category = \"Category\";            }            if(showList[i] == \"Version\") {                ver = \"Version\";            }            if(showList[i] == \"Size\") {                size = \"Size\";            }            if(showList[i] == \"Hits\") {                hits = \"Hits\";            }            if(showList[i] == \"Date added\") {                dateadd = \"Date added\";            }            if(showList[i] == \"Download\") {                download = \"Download\";            }        }        if(desc === \"Description\") {            jQuery(\".file-upload-content[data-container='\" + container + \"'] .file_desc\").removeClass('filehidden');        } else {            jQuery(\".file-upload-content[data-container='\" + container + \"'] .file_desc\").addClass('filehidden');        }        if(category === \"Category\") {            jQuery(\".file-upload-content[data-container='\" + container + \"'] .file_category\").removeClass('filehidden');        } else {            jQuery(\".file-upload-content[data-container='\" + container + \"'] .file_category\").addClass('filehidden');        }        if (ver === \"Version\") {            jQuery(\".file-upload-content[data-container='\" + container + \"'] .file_version\").removeClass('filehidden');        } else {            jQuery(\".file-upload-content[data-container='\" + container + \"'] .file_version\").addClass('filehidden');        }        if (size === \"Size\") {            jQuery(\".file-upload-content[data-container='\" + container + \"'] .file_size\").removeClass('filehidden');        } else {            jQuery(\".file-upload-content[data-container='\" + container + \"'] .file_size\").addClass('filehidden');        }        if (hits === \"Hits\") {            jQuery(\".file-upload-content[data-container='\" + container + \"'] .file_hits\").removeClass('filehidden');        } else {            jQuery(\".file-upload-content[data-container='\" + container + \"'] .file_hits\").addClass('filehidden');        }        if (dateadd === \"Date added\") {            jQuery(\".file-upload-content[data-container='\" + container + \"'] .file_created\").removeClass('filehidden');        } else {            jQuery(\".file-upload-content[data-container='\" + container + \"'] .file_created\").addClass('filehidden');        }        if (download === \"Download\") {            jQuery(\".file-upload-content[data-container='\" + container + \"'] .file_download_tbl\").removeClass('filehidden');        } else {            jQuery(\".file-upload-content[data-container='\" + container + \"'] .file_download_tbl\").addClass('filehidden');        }    }    function showViewOption() {        var $         = jQuery;        var checkitem = $('.wpfdTableMenu .media-item');        $(document).on(\"click\", \".wpfdTableMenu\", function() {            $(this).addClass('showlist');            $(document).on(\"click\", checkitem, function() {                if (!$(this).parents('.file-upload-content').length) {                    initdefaultOption();                    if($(\".list-results .file_desc\").hasClass(\"filehidden\") && $(\".list-results .file_created\").hasClass(\"filehidden\") ) {                        $(\".list-results .file_download_tbl\").addClass(\"file_download_inline\");                    } else {                        $(\".list-results .file_download_tbl\").removeClass(\"file_download_inline\");                    }                    var checkall = $(\".list-results .table thead th\");                    if(!checkall.hasClass(\"filehidden\")) {                        $(\".list-results .file_title\").addClass(\"adv_file_tt\");                    } else {                        $(\".list-results .file_title\").removeClass(\"adv_file_tt\");                    }                } else {                    var container = $(this).parents('.file-upload-content').data('container');                    initUploadDefaultOption(container);                    if($(\".file-upload-content[data-container='\" + container + \"'] .list-results .file_desc\").hasClass(\"filehidden\") && $(\".file-upload-content[data-container='\" + container + \"'] .list-results .file_created\").hasClass(\"filehidden\") ) {                        $(\".file-upload-content[data-container='\" + container + \"'] .list-results .file_download_tbl\").addClass(\"file_download_inline\");                    } else {                        $(\".file-upload-content[data-container='\" + container + \"'] .list-results .file_download_tbl\").removeClass(\"file_download_inline\");                    }                    var checkall = $(\".file-upload-content[data-container='\" + container + \"'] .list-results .table thead th\");                    if(!checkall.hasClass(\"filehidden\")) {                        $(\".file-upload-content[data-container='\" + container + \"'] .list-results .file_title\").addClass(\"adv_file_tt\");                    } else {                        $(\".file-upload-content[data-container='\" + container + \"'] .list-results .file_title\").removeClass(\"adv_file_tt\");                    }                }            });            $(document).mouseup(e => {                if (!$(\".wpfdTableMenu\").is(e.target)                    && $(\".wpfdTableMenu\").has(e.target).length === 0)                {                    $(\".wpfdTableMenu\").removeClass('showlist');                }            });        });    }    jQuery(document).ready(function () {        initdefaultOption();        showViewOption();        if (jQuery('.wpfd-results-tooltip').length) {            jQuery('.wpfd-results-tooltip').qtip({                content: {                    attr: 'title',                },                position: {                    my: 'bottom left',                    at: 'top left',                },                style: {                    tip: {                        corner: true,                    },                    classes: 'wpfd-qtip qtip-rounded wpfd-qtip-dashboard',                },                show: 'mouseover',                hide: {                    fixed: true,                    delay: 10,                }            });        }    });<\/script><div class=\"wpfd-content wpfd-content-table wpfd-content-multi colstyle-hide\" data-category=\"206\"              style=\"background-color: rgba(255, 255, 255, 0);\"><input type=\"hidden\" id=\"current_category_206\" value=\"206\" \/>                    <input type=\"hidden\" id=\"current_category_slug_206\" value=\"r-los-inventarios-de-bienes-muebles-e-inmuebles-del-sujeto-obligado-de-cuando-menos-los-ultimos-tres-anos-donde-se-senale-cuando-menos-la-descripcion-el-valor-el-regimen-juridico-y-el\" \/>                    <input type=\"hidden\" id=\"current_ordering_206\" value=\"title\" \/>                    <input type=\"hidden\" id=\"current_ordering_direction_206\" value=\"asc\" \/>                    <input type=\"hidden\" id=\"page_limit_206\" value=\"100\" \/><input type=\"hidden\" id=\"wpfd_display_empty_category_message\" value=\"0\" \/><input type=\"hidden\" id=\"wpfd_empty_category_message_val\" value=\"This file category has no files to display\" \/><input type=\"hidden\" id=\"wpfd_display_empty_folder\" value=\"1\" \/><input type=\"hidden\" id=\"wpfd_is_empty_subcategories\" value=\"1\" \/><input type=\"hidden\" id=\"wpfd_is_empty_files\" value=\"1\" \/><input type=\"hidden\" id=\"wpfd_root_category_id\" class=\"wpfd_root_category_id\" value=\"206\" \/><input type=\"hidden\" id=\"wpfd_root_category_theme\" class=\"wpfd_root_category_theme\" value=\"table\" \/><input type=\"hidden\" id=\"wpfd_root_category_clone_theme_type\" class=\"wpfd_root_category_clone_theme_type\" value=\"none\" \/><input type=\"hidden\" id=\"wpfd_root_category_type\" class=\"wpfd_root_category_type\" value=\"206\" \/><div class=\"wpfd-container show_subcategories\">        <div class=\"wpfd-open-tree\"><\/div>    <div class=\"wpfd-container-table   wpfd-table-hidden\">        <div class=\"wpfd-categories \"><div class=\"wpfd-category-desc\"><\/div><a class=\"wpfdcategory catlink\" style=\"margin : 10px 10px 10px 10px;\" href=\"#\"                                   data-idcat=\"2011\"                                   title=\"2021-2024\">                                    <span>2021-2024<\/span>                                    <i class=\"zmdi zmdi-folder wpfd-folder\"><\/i>                                <\/a><a class=\"wpfdcategory catlink\" style=\"margin : 10px 10px 10px 10px;\" href=\"#\"                                   data-idcat=\"4881\"                                   title=\"2024-2027\">                                    <span>2024-2027<\/span>                                    <i class=\"zmdi zmdi-folder wpfd-folder\"><\/i>                                <\/a><div class=\"wpfdcategory_placeholder\" style=\"margin : 0 10px 0 10px;\"><\/div><div class=\"wpfdcategory_placeholder\" style=\"margin : 0 10px 0 10px;\"><\/div><div class=\"wpfdcategory_placeholder\" style=\"margin : 0 10px 0 10px;\"><\/div><input type=\"hidden\" id=\"wpfd_subcategories_hover_color\" class=\"wpfd_subcategories_hover_color\" value=\"\" \/><\/div>        <table class=\"wpfd-search-result wpfd-table wpfd-table-bordered wpfd-table-striped wpfd-table-0 mediaTable\">            <thead>                <tr>                    <th class=\"essential persist file_title\">T\u00edtulo<\/th><th class=\"essential file_download file_download_tbl\">Descargar<\/th>                <\/tr>            <\/thead>            <tbody>                        <\/tbody>        <\/table>            <\/div><\/div><\/div><\/div>\t\t\t\t<\/div>\n\t\t\t\t<\/div>\n\t\t\t\t<div class=\"elementor-element elementor-element-f1eb8a6 elementor-widget-divider--view-line elementor-widget elementor-widget-divider\" data-id=\"f1eb8a6\" data-element_type=\"widget\" data-widget_type=\"divider.default\">\n\t\t\t\t<div class=\"elementor-widget-container\">\n\t\t\t\t\t\t\t<div class=\"elementor-divider\">\n\t\t\t<span class=\"elementor-divider-separator\">\n\t\t\t\t\t\t<\/span>\n\t\t<\/div>\n\t\t\t\t\t\t<\/div>\n\t\t\t\t<\/div>\n\t\t\t\t\t<\/div>\n\t\t\t\t<\/div>\n\t\t\t\t<\/div>\n\t\t","protected":false},"excerpt":{"rendered":"<p>Bienes Patrimoniales Registro de inventarios generales, altas, bajas y donaciones de bienes muebles e inmuebles propiedad del municipio de Lagos de Moreno. Art\u00edculo 8. Informaci\u00f3n fundamental &#8211; General1. Es Informaci\u00f3n fundamental, obligatoria para todos los sujetos obligados la siguiente: V. LA INFORMACI\u00d3N FINANCIERA, PATRIMONIAL Y ADMINISTRATIVA, QUE COMPRENDE: r) Los inventarios de bienes muebles e [&hellip;]<\/p>\n","protected":false},"author":1,"featured_media":0,"parent":0,"menu_order":0,"comment_status":"closed","ping_status":"closed","template":"","meta":{"_acf_changed":false,"footnotes":""},"class_list":["post-51008","page","type-page","status-publish","hentry"],"acf":[],"_links":{"self":[{"href":"https:\/\/ldm.gob.mx\/transparencia\/wp-json\/wp\/v2\/pages\/51008","targetHints":{"allow":["GET"]}}],"collection":[{"href":"https:\/\/ldm.gob.mx\/transparencia\/wp-json\/wp\/v2\/pages"}],"about":[{"href":"https:\/\/ldm.gob.mx\/transparencia\/wp-json\/wp\/v2\/types\/page"}],"author":[{"embeddable":true,"href":"https:\/\/ldm.gob.mx\/transparencia\/wp-json\/wp\/v2\/users\/1"}],"replies":[{"embeddable":true,"href":"https:\/\/ldm.gob.mx\/transparencia\/wp-json\/wp\/v2\/comments?post=51008"}],"version-history":[{"count":0,"href":"https:\/\/ldm.gob.mx\/transparencia\/wp-json\/wp\/v2\/pages\/51008\/revisions"}],"wp:attachment":[{"href":"https:\/\/ldm.gob.mx\/transparencia\/wp-json\/wp\/v2\/media?parent=51008"}],"curies":[{"name":"wp","href":"https:\/\/api.w.org\/{rel}","templated":true}]}}