{"id":50830,"date":"2023-04-10T12:13:03","date_gmt":"2023-04-10T18:13:03","guid":{"rendered":"https:\/\/ldm.gob.mx\/transparencia\/?page_id=50830"},"modified":"2025-02-27T11:20:02","modified_gmt":"2025-02-27T17:20:02","slug":"ley-de-transparencia-y-acceso-a-la-informacion","status":"publish","type":"page","link":"https:\/\/ldm.gob.mx\/transparencia\/ley-de-transparencia-y-acceso-a-la-informacion\/","title":{"rendered":"LEY DE TRANSPARENCIA Y ACCESO A LA INFORMACION"},"content":{"rendered":"\t\t<div data-elementor-type=\"wp-page\" data-elementor-id=\"50830\" class=\"elementor elementor-50830\" data-elementor-post-type=\"page\">\n\t\t\t\t\t\t<section class=\"elementor-section elementor-top-section elementor-element elementor-element-622bc3c1 elementor-section-boxed elementor-section-height-default elementor-section-height-default\" data-id=\"622bc3c1\" data-element_type=\"section\">\n\t\t\t\t\t\t<div class=\"elementor-container elementor-column-gap-default\">\n\t\t\t\t\t<div class=\"elementor-column elementor-col-100 elementor-top-column elementor-element elementor-element-50a6ffaf\" data-id=\"50a6ffaf\" data-element_type=\"column\">\n\t\t\t<div class=\"elementor-widget-wrap elementor-element-populated\">\n\t\t\t\t\t\t<div class=\"elementor-element elementor-element-bfea09c elementor-widget elementor-widget-wpfd_choose_file\" data-id=\"bfea09c\" data-element_type=\"widget\" data-widget_type=\"wpfd_choose_file.default\">\n\t\t\t\t<div class=\"elementor-widget-container\">\n\t\t\t\t\t<div id=\"wpfd-elementor-single-file\" class=\"wpfd-elementor-single-file\"><\/div>\t\t\t\t<\/div>\n\t\t\t\t<\/div>\n\t\t\t\t\t<\/div>\n\t\t<\/div>\n\t\t\t\t\t<\/div>\n\t\t<\/section>\n\t\t<div class=\"elementor-element elementor-element-f8cc08c e-flex e-con-boxed e-con e-parent\" data-id=\"f8cc08c\" data-element_type=\"container\">\n\t\t\t\t\t<div class=\"e-con-inner\">\n\t\t\t\t<div class=\"elementor-element elementor-element-d3d4f7d elementor-widget elementor-widget-shortcode\" data-id=\"d3d4f7d\" data-element_type=\"widget\" data-widget_type=\"shortcode.default\">\n\t\t\t\t<div class=\"elementor-widget-container\">\n\t\t\t\t\t\t\t<div class=\"elementor-shortcode\"><div class=\"wpfd-single-file\">\n    <div class=\"wpfd-single-file--icon\">\n            <a href=\"https:\/\/ldm.gob.mx\/transparencia\/wp-admin\/admin-ajax.php?juwpfisadmin&#x3D;false&amp;action&#x3D;wpfd&amp;task&#x3D;file.download&amp;wpfd_category_id&#x3D;3&amp;wpfd_file_id&#x3D;69119&amp;token&#x3D;&amp;preview&#x3D;1\" alt=\"Ley de Transparencia y Acceso a la Informaci\u00f3n P\u00fablica del Estado de Jalisco y sus Municipios \u2013 \u00daltima Reforma 03 de agosto 2023\" class=\"wpfdlightbox\">\n            <div class=\"wpfd-icon-placeholder\" style=\"background-image: url(&quot;https:\/\/ldm.gob.mx\/transparencia\/wp-content\/plugins\/wp-file-download\/app\/site\/assets\/icons\/svg\/pdf.svg&quot;);border-radius: 4%;box-shadow: 0px 0px 0px 0px transparent;background-color: #CB0606;border: 0px solid ;background-size: 100%;\"><\/div>\n        <\/a>\n    <\/div>\n\n    <div class=\"wpfd-single-file--details wpfd-file-content\">\n                        <h3 class=\"wpfd-file-content--title\"><a href=\"https:\/\/ldm.gob.mx\/transparencia\/descarga\/3\/a-la-ley-general-la-presente-ley-y-su-reglamento\/69119\/ley-de-transparencia-y-acceso-a-la-informacion-publica-del-estado-de-jalisco-y-sus-municipios-ultima-reforma-03-de-agosto-2023.pdf\" style=\"text-decoration: none\">Ley de Transparencia y Acceso a la Informaci\u00f3n P\u00fablica del Estado de Jalisco y sus Municipios \u2013 \u00daltima Reforma 03 de agosto 2023<\/a><\/h3>\n        <div class=\"wpfd-file-content--meta\">\n                    <div>File size: 610.22 KB<\/div>\n                    <div>Created: 22-11-2024<\/div>\n                    <div>Updated: 22-11-2024<\/div>\n                    <div>Hits: 719<\/div>\n        <\/div>\n    <\/div>\n    <div class=\"wpfd-single-file--buttons\">\n                                <a href=\"https:\/\/ldm.gob.mx\/transparencia\/descarga\/3\/a-la-ley-general-la-presente-ley-y-su-reglamento\/69119\/ley-de-transparencia-y-acceso-a-la-informacion-publica-del-estado-de-jalisco-y-sus-municipios-ultima-reforma-03-de-agosto-2023.pdf\"  data-id=\"69119\" title=\"Ley de Transparencia y Acceso a la Informaci\u00f3n P\u00fablica del Estado de Jalisco y sus Municipios \u2013 \u00daltima Reforma 03 de agosto 2023\" class=\"noLightbox wpfd_downloadlink wpfd-single-file-button wpfd-button-download\">\n                    <svg xmlns=\"http:\/\/www.w3.org\/2000\/svg\" width=\"38\" height=\"38\" viewBox=\"0 0 400 400\"><g fill=\"#ffffff\"><path d=\"M178 234v-7V24c0-13 8-23 20-24 13-1 24 9 24 23v212l5-5 44-44c10-9 23-10 32-1s9 23-1 33l-85 85c-10 11-23 11-34 0l-85-86a22 22 0 0123-37 28 28 0 018 6l44 44a31 31 0 013 5zM200 400H24c-17 0-28-14-23-29 3-10 12-15 23-16h351c12 0 21 6 24 16 5 15-6 29-22 29H200z\"\/><\/g><\/svg>\n                    <span>Download<\/span>\n                <\/a>\n                    <a href=\"https:\/\/ldm.gob.mx\/transparencia\/wp-admin\/admin-ajax.php?juwpfisadmin&#x3D;false&amp;action&#x3D;wpfd&amp;task&#x3D;file.download&amp;wpfd_category_id&#x3D;3&amp;wpfd_file_id&#x3D;69119&amp;token&#x3D;&amp;preview&#x3D;1\" class=\"wpfd-single-file-button wpfd-button-preview wpfdlightbox\">\n                        <svg xmlns=\"http:\/\/www.w3.org\/2000\/svg\" width=\"38\" height=\"38\" viewBox=\"0 0 400 400\"><g fill=\"#ffffff\"><path d=\"M0 200V55C0 28 16 8 41 2a63 63 0 0115-2h289c32 0 55 23 55 54v248c0 10-6 16-15 16-8 0-14-6-14-16V56c0-16-11-27-28-27H57c-18 0-28 9-28 28v286c0 19 10 28 28 28h243c11 0 18 6 18 15s-7 14-18 14H56c-28 0-49-16-55-41a67 67 0 01-1-15V200z\"\/><path d=\"M314 302l15 15 52 51c7 7 7 14 2 20-6 6-13 5-20-2l-67-65a11 11 0 00-1-1 104 104 0 01-149-26c-29-43-20-99 20-133 39-33 99-31 137 4 38 34 45 93 11 137zm-159-64c-1 42 34 77 77 77 42 1 78-33 78-75 1-42-34-77-75-77-44-1-79 32-80 75z\"\/><\/g><\/svg>\n                        <span>Preview<\/span>\n                    <\/a>\n    <\/div>\n<\/div>\n<\/div>\n\t\t\t\t\t\t<\/div>\n\t\t\t\t<\/div>\n\t\t\t\t<div class=\"elementor-element elementor-element-f90dfb8 elementor-widget elementor-widget-text-editor\" data-id=\"f90dfb8\" data-element_type=\"widget\" data-widget_type=\"text-editor.default\">\n\t\t\t\t<div class=\"elementor-widget-container\">\n\t\t\t\t\t\t\t\t\t<p>La\u00a0Ley de Transparencia y Acceso a la Informaci\u00f3n P\u00fablica del Estado de Jalisco y sus Municipios\u00a0es un marco normativo que tiene como objetivo garantizar el derecho de acceso a la informaci\u00f3n p\u00fablica en el estado de Jalisco, M\u00e9xico. Esta ley se enmarca en los principios de transparencia, rendici\u00f3n de cuentas y participaci\u00f3n ciudadana, y busca promover un gobierno abierto y accesible para todos los ciudadanos.<\/p><p>Objetivos principales:<\/p><ol><li>Transparencia: Asegurar que la informaci\u00f3n generada por los entes p\u00fablicos sea accesible y est\u00e9 disponible para cualquier persona que la solicite, salvo las excepciones previstas por la ley.<\/li><li>Acceso a la informaci\u00f3n: Facilitar que los ciudadanos puedan solicitar y recibir informaci\u00f3n en posesi\u00f3n de los sujetos obligados (gobierno estatal, municipios, organismos aut\u00f3nomos, entidades paraestatales, entre otros).<\/li><li>Rendici\u00f3n de cuentas: Promover que las autoridades rindan cuentas sobre su gesti\u00f3n y el uso de los recursos p\u00fablicos.<\/li><li>Participaci\u00f3n ciudadana: Fomentar la participaci\u00f3n de la sociedad en la toma de decisiones y en la vigilancia de las acciones gubernamentales.<\/li><\/ol><p>Sujetos obligados:<\/p><p>La ley aplica a todas las dependencias y entidades del gobierno estatal y municipal, incluyendo:<\/p><ul><li>Poder Ejecutivo, Legislativo y Judicial del estado.<\/li><li>Organismos aut\u00f3nomos (como el Instituto Electoral y de Participaci\u00f3n Ciudadana de Jalisco).<\/li><li>Municipios y sus dependencias.<\/li><li>Entidades paraestatales y fideicomisos p\u00fablicos.<\/li><li>Cualquier otra entidad que reciba o administre recursos p\u00fablicos.<\/li><\/ul><p>Derechos que otorga:<\/p><ol><li>Solicitar informaci\u00f3n: Cualquier persona puede solicitar informaci\u00f3n p\u00fablica sin necesidad de justificar el motivo de su solicitud.<\/li><li>Recibir informaci\u00f3n completa y veraz: Los sujetos obligados deben proporcionar la informaci\u00f3n de manera clara, oportuna y en los formatos solicitados, siempre que no est\u00e9 clasificada como reservada o confidencial.<\/li><li>Acceder a informaci\u00f3n proactiva: Las instituciones deben publicar de manera peri\u00f3dica y actualizada informaci\u00f3n relevante sobre su funcionamiento, presupuestos, contrataciones, programas, entre otros.<\/li><\/ol><p>Excepciones:<\/p><p>No toda la informaci\u00f3n es accesible. La ley establece excepciones para proteger:<\/p><ul><li>La seguridad nacional.<\/li><li>La vida privada de las personas.<\/li><li>Los secretos comerciales o industriales.<\/li><li>Informaci\u00f3n que pueda afectar procesos de toma de decisiones o investigaciones en curso.<\/li><\/ul><p>Mecanismos de cumplimiento:<\/p><ol><li>Sistema de solicitudes: Los ciudadanos pueden presentar solicitudes de informaci\u00f3n a trav\u00e9s del Sistema de Acceso a la Informaci\u00f3n P\u00fablica (SAIP) o directamente ante las unidades de transparencia de cada instituci\u00f3n.<\/li><li>Recursos de revisi\u00f3n: Si una solicitud es denegada o no se recibe respuesta, el solicitante puede interponer un recurso de revisi\u00f3n ante el Instituto de Transparencia, Informaci\u00f3n P\u00fablica y Protecci\u00f3n de Datos Personales del Estado de Jalisco (ITEI).<\/li><li>Sanciones: Las autoridades que incumplan con la ley pueden ser sancionadas, lo que incluye multas y otras medidas disciplinarias.<\/li><\/ol><p>Importancia:<\/p><p>Esta ley es fundamental para fortalecer la democracia, combatir la corrupci\u00f3n y promover la confianza entre el gobierno y la sociedad. Al garantizar el acceso a la informaci\u00f3n, se fomenta un gobierno m\u00e1s abierto, responsable y cercano a los ciudadanos.<\/p>\t\t\t\t\t\t\t\t<\/div>\n\t\t\t\t<\/div>\n\t\t\t\t\t<\/div>\n\t\t\t\t<\/div>\n\t\t\t\t<\/div>\n\t\t","protected":false},"excerpt":{"rendered":"<p>La\u00a0Ley de Transparencia y Acceso a la Informaci\u00f3n P\u00fablica del Estado de Jalisco y sus Municipios\u00a0es un marco normativo que tiene como objetivo garantizar el derecho de acceso a la informaci\u00f3n p\u00fablica en el estado de Jalisco, M\u00e9xico. Esta ley se enmarca en los principios de transparencia, rendici\u00f3n de cuentas y participaci\u00f3n ciudadana, y busca [&hellip;]<\/p>\n","protected":false},"author":1,"featured_media":0,"parent":0,"menu_order":0,"comment_status":"closed","ping_status":"closed","template":"","meta":{"_acf_changed":false,"footnotes":""},"class_list":["post-50830","page","type-page","status-publish","hentry"],"acf":[],"_links":{"self":[{"href":"https:\/\/ldm.gob.mx\/transparencia\/wp-json\/wp\/v2\/pages\/50830","targetHints":{"allow":["GET"]}}],"collection":[{"href":"https:\/\/ldm.gob.mx\/transparencia\/wp-json\/wp\/v2\/pages"}],"about":[{"href":"https:\/\/ldm.gob.mx\/transparencia\/wp-json\/wp\/v2\/types\/page"}],"author":[{"embeddable":true,"href":"https:\/\/ldm.gob.mx\/transparencia\/wp-json\/wp\/v2\/users\/1"}],"replies":[{"embeddable":true,"href":"https:\/\/ldm.gob.mx\/transparencia\/wp-json\/wp\/v2\/comments?post=50830"}],"version-history":[{"count":0,"href":"https:\/\/ldm.gob.mx\/transparencia\/wp-json\/wp\/v2\/pages\/50830\/revisions"}],"wp:attachment":[{"href":"https:\/\/ldm.gob.mx\/transparencia\/wp-json\/wp\/v2\/media?parent=50830"}],"curies":[{"name":"wp","href":"https:\/\/api.w.org\/{rel}","templated":true}]}}