{"id":33831,"date":"2022-01-30T18:51:41","date_gmt":"2022-01-31T00:51:41","guid":{"rendered":"https:\/\/ldm.gob.mx\/transparencia\/?page_id=33831"},"modified":"2025-09-12T10:48:36","modified_gmt":"2025-09-12T16:48:36","slug":"informes-de-gobierno","status":"publish","type":"page","link":"https:\/\/ldm.gob.mx\/transparencia\/informes-de-gobierno\/","title":{"rendered":"Informes de Gobierno"},"content":{"rendered":"\t\t<div data-elementor-type=\"wp-page\" data-elementor-id=\"33831\" class=\"elementor elementor-33831\" data-elementor-post-type=\"page\">\n\t\t\t\t\t\t<section class=\"elementor-section elementor-top-section elementor-element elementor-element-613b710d elementor-section-boxed elementor-section-height-default elementor-section-height-default\" data-id=\"613b710d\" data-element_type=\"section\" data-e-type=\"section\">\n\t\t\t\t\t\t<div class=\"elementor-container elementor-column-gap-default\">\n\t\t\t\t\t<div class=\"elementor-column elementor-col-100 elementor-top-column elementor-element elementor-element-44d8f24d\" data-id=\"44d8f24d\" data-element_type=\"column\" data-e-type=\"column\">\n\t\t\t<div class=\"elementor-widget-wrap elementor-element-populated\">\n\t\t\t\t\t\t<div class=\"elementor-element elementor-element-36d2a391 elementor-widget elementor-widget-text-editor\" data-id=\"36d2a391\" data-element_type=\"widget\" data-e-type=\"widget\" data-widget_type=\"text-editor.default\">\n\t\t\t\t<div class=\"elementor-widget-container\">\n\t\t\t\t\t\t\t\t\t<h1>Informes de Gobierno<\/h1><p class=\"ds-markdown-paragraph\">Este apartado da cumplimiento al art\u00edculo 8, fracci\u00f3n VI, inciso l) de la\u00a0<a href=\"https:\/\/ldm.gob.mx\/transparencia\/descarga\/3\/a-la-ley-general-la-presente-ley-y-su-reglamento\/69119\/ley-de-transparencia-y-acceso-a-la-informacion-publica-del-estado-de-jalisco-y-sus-municipios-ultima-reforma-03-de-agosto-2023.pdf\" target=\"_blank\" rel=\"noopener\"><strong>Ley de Transparencia y Acceso a la Informaci\u00f3n P\u00fablica del Estado de Jalisco y sus Municipios<\/strong><\/a>, que establece la obligaci\u00f3n de publicar los informes de actividades del titular del Poder Ejecutivo Municipal.<\/p><p class=\"ds-markdown-paragraph\">Tiene como finalidad dar publicidad al\u00a0<strong>Primer Informe de Gobierno<\/strong>\u00a0de la administraci\u00f3n 2024-2027, a cargo del <strong>Maestro Edgar Alfredo Gonz\u00e1lez Ch\u00e1vez<\/strong>, el cual ofrece un panorama integral de las actividades realizadas, los resultados obtenidos y el estado de las finanzas p\u00fablicas durante el primer ejercicio de su gobierno, garantizando as\u00ed el principio de m\u00e1xima publicidad y el derecho de la ciudadan\u00eda a la rendici\u00f3n de cuentas.<\/p><p><div class=\"wpfd-single-file\">\n    <div class=\"wpfd-single-file--icon\">\n            <a href=\"https:\/\/ldm.gob.mx\/transparencia\/wp-admin\/admin-ajax.php?juwpfisadmin&#x3D;false&amp;action&#x3D;wpfd&amp;task&#x3D;file.download&amp;wpfd_category_id&#x3D;5978&amp;wpfd_file_id&#x3D;77873&amp;token&#x3D;&amp;preview&#x3D;1\" alt=\"1er Informe de Gobierno - 2024-2027 - Presidente Municipal Maestro Edgar Alfredo Gonz\u00e1lez Ch\u00e1vez - 11 Septiembre 2025\" class=\"wpfdlightbox\">\n            <div class=\"wpfd-icon-placeholder\" style=\"background-image: url(&quot;https:\/\/ldm.gob.mx\/transparencia\/wp-content\/uploads\/2025\/09\/1er-Informe-de-Gobierno-2024-2027-Presidente-Municipal-Maestro-Edgar-Alfredo-Gonzalez-Chavez-11-Septiembre-2025-150x150.jpg&quot;);background-size: 100%;\"><\/div>\n        <\/a>\n    <\/div>\n\n    <div class=\"wpfd-single-file--details wpfd-file-content\">\n                        <h3 class=\"wpfd-file-content--title\"><a href=\"https:\/\/ldm.gob.mx\/transparencia\/descarga\/5978\/presidente-municipal\/77873\/1er-informe-de-gobierno-2024-2027-presidente-municipal-maestro-edgar-alfredo-gonzalez-chavez-11-septiembre-2025.pdf\" style=\"text-decoration: none\">1er Informe de Gobierno - 2024-2027 - Presidente Municipal Maestro Edgar Alfredo Gonz\u00e1lez Ch\u00e1vez - 11 Septiembre 2025<\/a><\/h3>\n        <div class=\"wpfd-file-content--meta\">\n                    <div>File size: 20.27 MEGABYTE<\/div>\n                    <div>Created: 11-09-2025<\/div>\n                    <div>Updated: 15-09-2025<\/div>\n                    <div>Hits: 219<\/div>\n        <\/div>\n    <\/div>\n    <div class=\"wpfd-single-file--buttons\">\n                                <a href=\"https:\/\/ldm.gob.mx\/transparencia\/descarga\/5978\/presidente-municipal\/77873\/1er-informe-de-gobierno-2024-2027-presidente-municipal-maestro-edgar-alfredo-gonzalez-chavez-11-septiembre-2025.pdf\"  data-id=\"77873\" title=\"1er Informe de Gobierno - 2024-2027 - Presidente Municipal Maestro Edgar Alfredo Gonz\u00e1lez Ch\u00e1vez - 11 Septiembre 2025\" class=\"noLightbox wpfd_downloadlink wpfd-single-file-button wpfd-button-download\">\n                    <svg xmlns=\"http:\/\/www.w3.org\/2000\/svg\" width=\"38\" height=\"38\" viewBox=\"0 0 400 400\"><g fill=\"#ffffff\"><path d=\"M178 234v-7V24c0-13 8-23 20-24 13-1 24 9 24 23v212l5-5 44-44c10-9 23-10 32-1s9 23-1 33l-85 85c-10 11-23 11-34 0l-85-86a22 22 0 0123-37 28 28 0 018 6l44 44a31 31 0 013 5zM200 400H24c-17 0-28-14-23-29 3-10 12-15 23-16h351c12 0 21 6 24 16 5 15-6 29-22 29H200z\"\/><\/g><\/svg>\n                    <span>Download<\/span>\n                <\/a>\n                    <a href=\"https:\/\/ldm.gob.mx\/transparencia\/wp-admin\/admin-ajax.php?juwpfisadmin&#x3D;false&amp;action&#x3D;wpfd&amp;task&#x3D;file.download&amp;wpfd_category_id&#x3D;5978&amp;wpfd_file_id&#x3D;77873&amp;token&#x3D;&amp;preview&#x3D;1\" class=\"wpfd-single-file-button wpfd-button-preview wpfdlightbox\">\n                        <svg xmlns=\"http:\/\/www.w3.org\/2000\/svg\" width=\"38\" height=\"38\" viewBox=\"0 0 400 400\"><g fill=\"#ffffff\"><path d=\"M0 200V55C0 28 16 8 41 2a63 63 0 0115-2h289c32 0 55 23 55 54v248c0 10-6 16-15 16-8 0-14-6-14-16V56c0-16-11-27-28-27H57c-18 0-28 9-28 28v286c0 19 10 28 28 28h243c11 0 18 6 18 15s-7 14-18 14H56c-28 0-49-16-55-41a67 67 0 01-1-15V200z\"\/><path d=\"M314 302l15 15 52 51c7 7 7 14 2 20-6 6-13 5-20-2l-67-65a11 11 0 00-1-1 104 104 0 01-149-26c-29-43-20-99 20-133 39-33 99-31 137 4 38 34 45 93 11 137zm-159-64c-1 42 34 77 77 77 42 1 78-33 78-75 1-42-34-77-75-77-44-1-79 32-80 75z\"\/><\/g><\/svg>\n                        <span>Preview<\/span>\n                    <\/a>\n    <\/div>\n<\/div>\n<\/p>\t\t\t\t\t\t\t\t<\/div>\n\t\t\t\t<\/div>\n\t\t\t\t\t<\/div>\n\t\t<\/div>\n\t\t\t\t\t<\/div>\n\t\t<\/section>\n\t\t\t\t<\/div>\n\t\t","protected":false},"excerpt":{"rendered":"<p>Informes de Gobierno Este apartado da cumplimiento al art\u00edculo 8, fracci\u00f3n VI, inciso l) de la\u00a0Ley de Transparencia y Acceso a la Informaci\u00f3n P\u00fablica del Estado de Jalisco y sus Municipios, que establece la obligaci\u00f3n de publicar los informes de actividades del titular del Poder Ejecutivo Municipal. Tiene como finalidad dar publicidad al\u00a0Primer Informe de [&hellip;]<\/p>\n","protected":false},"author":7,"featured_media":0,"parent":0,"menu_order":0,"comment_status":"closed","ping_status":"closed","template":"","meta":{"_acf_changed":false,"footnotes":""},"class_list":["post-33831","page","type-page","status-publish","hentry"],"acf":[],"_links":{"self":[{"href":"https:\/\/ldm.gob.mx\/transparencia\/wp-json\/wp\/v2\/pages\/33831","targetHints":{"allow":["GET"]}}],"collection":[{"href":"https:\/\/ldm.gob.mx\/transparencia\/wp-json\/wp\/v2\/pages"}],"about":[{"href":"https:\/\/ldm.gob.mx\/transparencia\/wp-json\/wp\/v2\/types\/page"}],"author":[{"embeddable":true,"href":"https:\/\/ldm.gob.mx\/transparencia\/wp-json\/wp\/v2\/users\/7"}],"replies":[{"embeddable":true,"href":"https:\/\/ldm.gob.mx\/transparencia\/wp-json\/wp\/v2\/comments?post=33831"}],"version-history":[{"count":9,"href":"https:\/\/ldm.gob.mx\/transparencia\/wp-json\/wp\/v2\/pages\/33831\/revisions"}],"predecessor-version":[{"id":77882,"href":"https:\/\/ldm.gob.mx\/transparencia\/wp-json\/wp\/v2\/pages\/33831\/revisions\/77882"}],"wp:attachment":[{"href":"https:\/\/ldm.gob.mx\/transparencia\/wp-json\/wp\/v2\/media?parent=33831"}],"curies":[{"name":"wp","href":"https:\/\/api.w.org\/{rel}","templated":true}]}}