{"id":33407,"date":"2022-01-25T10:34:04","date_gmt":"2022-01-25T16:34:04","guid":{"rendered":"https:\/\/ldm.gob.mx\/transparencia\/?page_id=33407"},"modified":"2025-03-07T12:10:21","modified_gmt":"2025-03-07T18:10:21","slug":"gacetas","status":"publish","type":"page","link":"https:\/\/ldm.gob.mx\/transparencia\/gacetas\/","title":{"rendered":"Gaceta Municipal"},"content":{"rendered":"\t\t<div data-elementor-type=\"wp-page\" data-elementor-id=\"33407\" class=\"elementor elementor-33407\" data-elementor-post-type=\"page\">\n\t\t\t\t<div class=\"elementor-element elementor-element-2e3fb04 e-flex e-con-boxed e-con e-parent\" data-id=\"2e3fb04\" data-element_type=\"container\">\n\t\t\t\t\t<div class=\"e-con-inner\">\n\t\t\t\t<div class=\"elementor-element elementor-element-96d66c1 elementor-widget elementor-widget-text-editor\" data-id=\"96d66c1\" data-element_type=\"widget\" data-widget_type=\"text-editor.default\">\n\t\t\t\t<div class=\"elementor-widget-container\">\n\t\t\t\t\t\t\t\t\t<h2><img decoding=\"async\" class=\"alignnone  wp-image-72521\" src=\"https:\/\/ldm.gob.mx\/transparencia\/wp-content\/uploads\/2025\/03\/folder-2-300x300.png\" alt=\"\" width=\"48\" height=\"48\" srcset=\"https:\/\/ldm.gob.mx\/transparencia\/wp-content\/uploads\/2025\/03\/folder-2-300x300.png 300w, https:\/\/ldm.gob.mx\/transparencia\/wp-content\/uploads\/2025\/03\/folder-2-150x150.png 150w, https:\/\/ldm.gob.mx\/transparencia\/wp-content\/uploads\/2025\/03\/folder-2-500x500.png 500w, https:\/\/ldm.gob.mx\/transparencia\/wp-content\/uploads\/2025\/03\/folder-2.png 512w\" sizes=\"(max-width: 48px) 100vw, 48px\" \/>\u00a0Gacetas Municipales<\/h2><p>En esta secci\u00f3n, se publican las gacetas municipales, documentos oficiales que recogen informaci\u00f3n relevante sobre decisiones, normativas, convocatorias y actos administrativos emitidos por el gobierno local. Las gacetas son una herramienta fundamental para garantizar la transparencia y el acceso a la informaci\u00f3n p\u00fablica, permitiendo a los ciudadanos mantenerse informados sobre las acciones y pol\u00edticas que afectan a su municipio. Aqu\u00ed podr\u00e1s consultar ediciones actuales y archivos hist\u00f3ricos, facilitando el seguimiento de la gesti\u00f3n municipal y la participaci\u00f3n ciudadana en los asuntos de inter\u00e9s comunitario.<\/p><p><strong>Art\u00edculo 15.<\/strong>\u00a0Informaci\u00f3n fundamental &#8211; Ayuntamientos &#8211; 1. Es informaci\u00f3n p\u00fablica fundamental de los ayuntamientos:\u00a0<br \/>X. La gaceta municipal y dem\u00e1s \u00f3rganos de difusi\u00f3n y publicaci\u00f3n oficial municipal;<\/p>\t\t\t\t\t\t\t\t<\/div>\n\t\t\t\t<\/div>\n\t\t\t\t<div class=\"elementor-element elementor-element-fe29476 elementor-widget elementor-widget-shortcode\" data-id=\"fe29476\" data-element_type=\"widget\" data-widget_type=\"shortcode.default\">\n\t\t\t\t<div class=\"elementor-widget-container\">\n\t\t\t\t\t\t\t<div class=\"elementor-shortcode\"><script type=\"text\/x-handlebars-template\"        id=\"wpfd-template-table-categories-736\">    <div class=\"wpfd-categories \">{{#if category}}{{#with category}}{{#if parent}}<a class=\"catlink backcategory\" href=\"#\" data-idcat=\"{{parent}}\">                        <i class=\"zmdi zmdi-chevron-left\"><\/i><span>Atr\u00e1s<\/span><\/a>{{\/if}}{{\/with}}{{\/if}}{{#if category.desc}}<div class=\"wpfd-category-desc\">{{category.desc}}<\/div>{{\/if}}{{#if categories}}{{#each categories}}<a class=\"wpfdcategory catlink\" style=\"margin : 10px 10px 10px 10px;\" href=\"#\" data-idcat=\"{{term_id}}\" title=\"{{name}}\">                                <span>{{name}}<\/span><i class=\"zmdi zmdi-folder wpfd-folder\"><\/i>                            <\/a>{{\/each}}{{\/if}}<div class=\"wpfdcategory_placeholder\" style=\"margin : 0 10px 0 10px;\"><\/div><div class=\"wpfdcategory_placeholder\" style=\"margin : 0 10px 0 10px;\"><\/div><div class=\"wpfdcategory_placeholder\" style=\"margin : 0 10px 0 10px;\"><\/div><\/div><\/script><script type=\"text\/x-handlebars-template\" id=\"wpfd-template-table-736\">    {{#if files}}    {{#each files}}    <tr class=\"file {{class}} {{ext}}\" data-id=\"{{ID}}\" data-catid=\"{{catid}}\">        <input type=\"hidden\" class=\"wpfd_file_preview_link_download\" value=\"{{linkdownload}}\" data-filetitle=\"{{post_title}}\" data-fileicons=\"ext ext-{{ext}} wpfd-icon-set-svg\" \/>    <td class=\"file_title\"><a class=\"wpfd_downloadlink\" href=\"{{linkdownload}}\" title=\"{{post_title}}\" target=\"{{#if remote_file}}_blank{{\/if}}\"><span class=\"extcol\"><span class=\"ext ext-{{ext}} wpfd-icon-set-svg\"><\/span><\/span>{{{crop_title}}}<\/a><\/td>                    <td class=\"col-download\">                {{#if openpdflink}}<a class=\"openlink wpfdlightbox wpfd_previewlink\" href=\"{{openpdflink}}\" target=\"\">Visualizar                             <i class=\"zmdi zmdi-filter-center-focus wpfd-preview\"><\/i>                        <\/a>{{else}}{{#if viewerlink}}<a                            href=\"{{viewerlink}}\"                            class=\"openlink wpfdlightbox wpfd_previewlink\"                            target=\"\"                            data-id=\"{{ID}}\"                            data-catid=\"{{catid}}\"                            data-file-type=\"{{ext}}\">Visualizar <i class=\"zmdi zmdi-filter-center-focus wpfd-preview\"><\/i>                        <\/a>{{\/if}}{{\/if}}            <\/td>            <\/tr>    {{\/each}}    {{\/if}}<\/script><script type=\"text\/javascript\">    function  initdefaultOption() {        var $           = jQuery;        var checkitem   = $('.wpfdTableMenu .media-item');        var showList    = [];        if (checkitem.length) {            checkitem.each(function () {                if ($(this).prop(\"checked\") == true) {                    showList.push($(this).val());                }            });            if (showList.length > 0) {                jQuery(\"#total-media-list\").val(showList.join(\",\"));            } else {                jQuery(\"#total-media-list\").val(\"\");            }            var desc = \"\";            var category = \"\";            var ver = \"\";            var size = \"\";            var hits = \"\";            var dateadd = \"\";            var download = \"\";            for(var i = 0; i<showList.length;i++) {                if(showList[i] == \"Description\" ) {                    desc = \"Description\";                }                if(showList[i] == \"Category\" ) {                    category = \"Category\";                }                if(showList[i] == \"Version\") {                    ver = \"Version\";                }                if(showList[i] == \"Size\") {                    size = \"Size\";                }                if(showList[i] == \"Hits\") {                    hits = \"Hits\";                }                if(showList[i] == \"Date added\") {                    dateadd = \"Date added\";                }                if(showList[i] == \"Download\") {                    download = \"Download\";                }            }            if(desc === \"Description\") {                jQuery(\".file_desc\").removeClass('filehidden');            } else {                jQuery(\".file_desc\").addClass('filehidden');            }            if(category === \"Category\") {                jQuery(\".file_category\").removeClass('filehidden');            } else {                jQuery(\".file_category\").addClass('filehidden');            }            if (ver === \"Version\") {                jQuery(\".file_version\").removeClass('filehidden');            } else {                jQuery(\".file_version\").addClass('filehidden');            }            if (size === \"Size\") {                jQuery(\".file_size\").removeClass('filehidden');            } else {                jQuery(\".file_size\").addClass('filehidden');            }            if (hits === \"Hits\") {                jQuery(\".file_hits\").removeClass('filehidden');            } else {                jQuery(\".file_hits\").addClass('filehidden');            }            if (dateadd === \"Date added\") {                jQuery(\".file_created\").removeClass('filehidden');            } else {                jQuery(\".file_created\").addClass('filehidden');            }            if (download === \"Download\") {                jQuery(\".file_download_tbl\").removeClass('filehidden');            } else {                jQuery(\".file_download_tbl\").addClass('filehidden');            }                        var wpfdTable = $('.wpfd-results table.wpfd-search-result');            wpfdTable.each(function() {                var visibleRow = $(this).find('tbody tr');                visibleRow.each(function() {                    var visibleColumn = $(this).find('td:not(.filehidden)');                    visibleColumn.each(function() {                        if ($(this).is(visibleColumn.last())) {                            $(this).attr('colspan', 2);                        } else {                            $(this).attr('colspan', 1);                        }                    })                })            })        }    }    function initUploadDefaultOption(container) {        var $           = jQuery;        var checkitem   = $(\".file-upload-content[data-container='\" + container + \"'] .wpfdTableMenu .media-item\");        var showList    = [];        checkitem.each(function () {            if ($(this).prop(\"checked\") == true) {                showList.push($(this).val());            }        });        if (showList.length > 0) {            jQuery(\".file-upload-content[data-container='\" + container + \"'] #total-media-list\").val(showList.join(\",\"));        } else {            jQuery(\".file-upload-content[data-container='\" + container + \"'] #total-media-list\").val(\"\");        }        var desc        = \"\";        var category    = \"\";        var ver         = \"\";        var size        = \"\";        var hits        = \"\";        var dateadd     = \"\";        var download    = \"\";        for(var i = 0; i<showList.length;i++) {            if(showList[i] == \"Description\" ) {                desc = \"Description\";            }            if(showList[i] == \"Category\") {                category = \"Category\";            }            if(showList[i] == \"Version\") {                ver = \"Version\";            }            if(showList[i] == \"Size\") {                size = \"Size\";            }            if(showList[i] == \"Hits\") {                hits = \"Hits\";            }            if(showList[i] == \"Date added\") {                dateadd = \"Date added\";            }            if(showList[i] == \"Download\") {                download = \"Download\";            }        }        if(desc === \"Description\") {            jQuery(\".file-upload-content[data-container='\" + container + \"'] .file_desc\").removeClass('filehidden');        } else {            jQuery(\".file-upload-content[data-container='\" + container + \"'] .file_desc\").addClass('filehidden');        }        if(category === \"Category\") {            jQuery(\".file-upload-content[data-container='\" + container + \"'] .file_category\").removeClass('filehidden');        } else {            jQuery(\".file-upload-content[data-container='\" + container + \"'] .file_category\").addClass('filehidden');        }        if (ver === \"Version\") {            jQuery(\".file-upload-content[data-container='\" + container + \"'] .file_version\").removeClass('filehidden');        } else {            jQuery(\".file-upload-content[data-container='\" + container + \"'] .file_version\").addClass('filehidden');        }        if (size === \"Size\") {            jQuery(\".file-upload-content[data-container='\" + container + \"'] .file_size\").removeClass('filehidden');        } else {            jQuery(\".file-upload-content[data-container='\" + container + \"'] .file_size\").addClass('filehidden');        }        if (hits === \"Hits\") {            jQuery(\".file-upload-content[data-container='\" + container + \"'] .file_hits\").removeClass('filehidden');        } else {            jQuery(\".file-upload-content[data-container='\" + container + \"'] .file_hits\").addClass('filehidden');        }        if (dateadd === \"Date added\") {            jQuery(\".file-upload-content[data-container='\" + container + \"'] .file_created\").removeClass('filehidden');        } else {            jQuery(\".file-upload-content[data-container='\" + container + \"'] .file_created\").addClass('filehidden');        }        if (download === \"Download\") {            jQuery(\".file-upload-content[data-container='\" + container + \"'] .file_download_tbl\").removeClass('filehidden');        } else {            jQuery(\".file-upload-content[data-container='\" + container + \"'] .file_download_tbl\").addClass('filehidden');        }    }    function showViewOption() {        var $         = jQuery;        var checkitem = $('.wpfdTableMenu .media-item');        $(document).on(\"click\", \".wpfdTableMenu\", function() {            $(this).addClass('showlist');            $(document).on(\"click\", checkitem, function() {                if (!$(this).parents('.file-upload-content').length) {                    initdefaultOption();                    if($(\".list-results .file_desc\").hasClass(\"filehidden\") && $(\".list-results .file_created\").hasClass(\"filehidden\") ) {                        $(\".list-results .file_download_tbl\").addClass(\"file_download_inline\");                    } else {                        $(\".list-results .file_download_tbl\").removeClass(\"file_download_inline\");                    }                    var checkall = $(\".list-results .table thead th\");                    if(!checkall.hasClass(\"filehidden\")) {                        $(\".list-results .file_title\").addClass(\"adv_file_tt\");                    } else {                        $(\".list-results .file_title\").removeClass(\"adv_file_tt\");                    }                } else {                    var container = $(this).parents('.file-upload-content').data('container');                    initUploadDefaultOption(container);                    if($(\".file-upload-content[data-container='\" + container + \"'] .list-results .file_desc\").hasClass(\"filehidden\") && $(\".file-upload-content[data-container='\" + container + \"'] .list-results .file_created\").hasClass(\"filehidden\") ) {                        $(\".file-upload-content[data-container='\" + container + \"'] .list-results .file_download_tbl\").addClass(\"file_download_inline\");                    } else {                        $(\".file-upload-content[data-container='\" + container + \"'] .list-results .file_download_tbl\").removeClass(\"file_download_inline\");                    }                    var checkall = $(\".file-upload-content[data-container='\" + container + \"'] .list-results .table thead th\");                    if(!checkall.hasClass(\"filehidden\")) {                        $(\".file-upload-content[data-container='\" + container + \"'] .list-results .file_title\").addClass(\"adv_file_tt\");                    } else {                        $(\".file-upload-content[data-container='\" + container + \"'] .list-results .file_title\").removeClass(\"adv_file_tt\");                    }                }            });            $(document).mouseup(e => {                if (!$(\".wpfdTableMenu\").is(e.target)                    && $(\".wpfdTableMenu\").has(e.target).length === 0)                {                    $(\".wpfdTableMenu\").removeClass('showlist');                }            });        });    }    jQuery(document).ready(function () {        initdefaultOption();        showViewOption();        if (jQuery('.wpfd-results-tooltip').length) {            jQuery('.wpfd-results-tooltip').qtip({                content: {                    attr: 'title',                },                position: {                    my: 'bottom left',                    at: 'top left',                },                style: {                    tip: {                        corner: true,                    },                    classes: 'wpfd-qtip qtip-rounded wpfd-qtip-dashboard',                },                show: 'mouseover',                hide: {                    fixed: true,                    delay: 10,                }            });        }    });<\/script><div class=\"wpfd-content wpfd-content-table wpfd-content-multi colstyle-hide\" data-category=\"736\"              style=\"background-color: rgba(255, 255, 255, 0);\"><input type=\"hidden\" id=\"current_category_736\" value=\"736\" \/>                    <input type=\"hidden\" id=\"current_category_slug_736\" value=\"x-la-gaceta-municipal-y-demas-organos-de-difusion-y-publicacion-oficial-municipal\" \/>                    <input type=\"hidden\" id=\"current_ordering_736\" value=\"title\" \/>                    <input type=\"hidden\" id=\"current_ordering_direction_736\" value=\"asc\" \/>                    <input type=\"hidden\" id=\"page_limit_736\" value=\"100\" \/><input type=\"hidden\" id=\"wpfd_display_empty_category_message\" value=\"0\" \/><input type=\"hidden\" id=\"wpfd_empty_category_message_val\" value=\"This file category has no files to display\" \/><input type=\"hidden\" id=\"wpfd_display_empty_folder\" value=\"1\" \/><input type=\"hidden\" id=\"wpfd_is_empty_subcategories\" value=\"1\" \/><input type=\"hidden\" id=\"wpfd_is_empty_files\" value=\"1\" \/><input type=\"hidden\" id=\"wpfd_root_category_id\" class=\"wpfd_root_category_id\" value=\"736\" \/><input type=\"hidden\" id=\"wpfd_root_category_theme\" class=\"wpfd_root_category_theme\" value=\"table\" \/><input type=\"hidden\" id=\"wpfd_root_category_clone_theme_type\" class=\"wpfd_root_category_clone_theme_type\" value=\"none\" \/><input type=\"hidden\" id=\"wpfd_root_category_type\" class=\"wpfd_root_category_type\" value=\"736\" \/><div class=\"wpfd-container show_subcategories\">        <div class=\"wpfd-open-tree\"><\/div>    <div class=\"wpfd-container-table   wpfd-table-hidden\">        <div class=\"wpfd-categories \"><div class=\"wpfd-category-desc\"><\/div><a class=\"wpfdcategory catlink\" style=\"margin : 10px 10px 10px 10px;\" href=\"#\"                                   data-idcat=\"2411\"                                   title=\"1998-2000\">                                    <span>1998-2000<\/span>                                    <i class=\"zmdi zmdi-folder wpfd-folder\"><\/i>                                <\/a><a class=\"wpfdcategory catlink\" style=\"margin : 10px 10px 10px 10px;\" href=\"#\"                                   data-idcat=\"2412\"                                   title=\"2001-2003\">                                    <span>2001-2003<\/span>                                    <i class=\"zmdi zmdi-folder wpfd-folder\"><\/i>                                <\/a><a class=\"wpfdcategory catlink\" style=\"margin : 10px 10px 10px 10px;\" href=\"#\"                                   data-idcat=\"2413\"                                   title=\"2004-2006\">                                    <span>2004-2006<\/span>                                    <i class=\"zmdi zmdi-folder wpfd-folder\"><\/i>                                <\/a><a class=\"wpfdcategory catlink\" style=\"margin : 10px 10px 10px 10px;\" href=\"#\"                                   data-idcat=\"2414\"                                   title=\"2006-2009\">                                    <span>2006-2009<\/span>                                    <i class=\"zmdi zmdi-folder wpfd-folder\"><\/i>                                <\/a><a class=\"wpfdcategory catlink\" style=\"margin : 10px 10px 10px 10px;\" href=\"#\"                                   data-idcat=\"2415\"                                   title=\"2010-2012\">                                    <span>2010-2012<\/span>                                    <i class=\"zmdi zmdi-folder wpfd-folder\"><\/i>                                <\/a><a class=\"wpfdcategory catlink\" style=\"margin : 10px 10px 10px 10px;\" href=\"#\"                                   data-idcat=\"2416\"                                   title=\"2012-2015\">                                    <span>2012-2015<\/span>                                    <i class=\"zmdi zmdi-folder wpfd-folder\"><\/i>                                <\/a><a class=\"wpfdcategory catlink\" style=\"margin : 10px 10px 10px 10px;\" href=\"#\"                                   data-idcat=\"1514\"                                   title=\"2015-2018\">                                    <span>2015-2018<\/span>                                    <i class=\"zmdi zmdi-folder wpfd-folder\"><\/i>                                <\/a><a class=\"wpfdcategory catlink\" style=\"margin : 10px 10px 10px 10px;\" href=\"#\"                                   data-idcat=\"1513\"                                   title=\"2018-2021\">                                    <span>2018-2021<\/span>                                    <i class=\"zmdi zmdi-folder wpfd-folder\"><\/i>                                <\/a><a class=\"wpfdcategory catlink\" style=\"margin : 10px 10px 10px 10px;\" href=\"#\"                                   data-idcat=\"787\"                                   title=\"2021-2024\">                                    <span>2021-2024<\/span>                                    <i class=\"zmdi zmdi-folder wpfd-folder\"><\/i>                                <\/a><a class=\"wpfdcategory catlink\" style=\"margin : 10px 10px 10px 10px;\" href=\"#\"                                   data-idcat=\"5167\"                                   title=\"2024-2027\">                                    <span>2024-2027<\/span>                                    <i class=\"zmdi zmdi-folder wpfd-folder\"><\/i>                                <\/a><div class=\"wpfdcategory_placeholder\" style=\"margin : 0 10px 0 10px;\"><\/div><div class=\"wpfdcategory_placeholder\" style=\"margin : 0 10px 0 10px;\"><\/div><div class=\"wpfdcategory_placeholder\" style=\"margin : 0 10px 0 10px;\"><\/div><input type=\"hidden\" id=\"wpfd_subcategories_hover_color\" class=\"wpfd_subcategories_hover_color\" value=\"\" \/><\/div>        <table class=\"wpfd-search-result wpfd-table wpfd-table-bordered wpfd-table-striped wpfd-table-0 mediaTable\">            <thead>                <tr>                    <th class=\"essential persist file_title\">T\u00edtulo<\/th><th class=\"essential file_download file_download_tbl\">Descargar<\/th>                <\/tr>            <\/thead>            <tbody>                        <\/tbody>        <\/table>            <\/div><\/div><\/div><\/div>\n\t\t\t\t\t\t<\/div>\n\t\t\t\t<\/div>\n\t\t\t\t\t<\/div>\n\t\t\t\t<\/div>\n\t\t\t\t<\/div>\n\t\t","protected":false},"excerpt":{"rendered":"<p>\u00a0Gacetas Municipales En esta secci\u00f3n, se publican las gacetas municipales, documentos oficiales que recogen informaci\u00f3n relevante sobre decisiones, normativas, convocatorias y actos administrativos emitidos por el gobierno local. Las gacetas son una herramienta fundamental para garantizar la transparencia y el acceso a la informaci\u00f3n p\u00fablica, permitiendo a los ciudadanos mantenerse informados sobre las acciones y [&hellip;]<\/p>\n","protected":false},"author":7,"featured_media":0,"parent":0,"menu_order":0,"comment_status":"closed","ping_status":"closed","template":"","meta":{"_acf_changed":false,"footnotes":""},"class_list":["post-33407","page","type-page","status-publish","hentry"],"acf":[],"_links":{"self":[{"href":"https:\/\/ldm.gob.mx\/transparencia\/wp-json\/wp\/v2\/pages\/33407","targetHints":{"allow":["GET"]}}],"collection":[{"href":"https:\/\/ldm.gob.mx\/transparencia\/wp-json\/wp\/v2\/pages"}],"about":[{"href":"https:\/\/ldm.gob.mx\/transparencia\/wp-json\/wp\/v2\/types\/page"}],"author":[{"embeddable":true,"href":"https:\/\/ldm.gob.mx\/transparencia\/wp-json\/wp\/v2\/users\/7"}],"replies":[{"embeddable":true,"href":"https:\/\/ldm.gob.mx\/transparencia\/wp-json\/wp\/v2\/comments?post=33407"}],"version-history":[{"count":0,"href":"https:\/\/ldm.gob.mx\/transparencia\/wp-json\/wp\/v2\/pages\/33407\/revisions"}],"wp:attachment":[{"href":"https:\/\/ldm.gob.mx\/transparencia\/wp-json\/wp\/v2\/media?parent=33407"}],"curies":[{"name":"wp","href":"https:\/\/api.w.org\/{rel}","templated":true}]}}