{"id":32754,"date":"2022-01-21T12:56:28","date_gmt":"2022-01-21T18:56:28","guid":{"rendered":"https:\/\/ldm.gob.mx\/transparencia\/?page_id=32754"},"modified":"2025-01-24T13:31:29","modified_gmt":"2025-01-24T19:31:29","slug":"directorio","status":"publish","type":"page","link":"https:\/\/ldm.gob.mx\/transparencia\/directorio\/","title":{"rendered":"Directorio de servidores p\u00fablicos"},"content":{"rendered":"\t\t<div data-elementor-type=\"wp-page\" data-elementor-id=\"32754\" class=\"elementor elementor-32754\" data-elementor-post-type=\"page\">\n\t\t\t\t<div class=\"elementor-element elementor-element-e282fbd e-flex e-con-boxed e-con e-parent\" data-id=\"e282fbd\" data-element_type=\"container\">\n\t\t\t\t\t<div class=\"e-con-inner\">\n\t\t\t\t<div class=\"elementor-element elementor-element-dfc4052 elementor-widget elementor-widget-text-editor\" data-id=\"dfc4052\" data-element_type=\"widget\" data-widget_type=\"text-editor.default\">\n\t\t\t\t<div class=\"elementor-widget-container\">\n\t\t\t\t\t\t\t\t\t<h2><span style=\"color: #333333;\"><img decoding=\"async\" class=\"alignnone  wp-image-70877\" src=\"https:\/\/ldm.gob.mx\/transparencia\/wp-content\/uploads\/2025\/01\/directorio-300x300.png\" alt=\"\" width=\"46\" height=\"46\" srcset=\"https:\/\/ldm.gob.mx\/transparencia\/wp-content\/uploads\/2025\/01\/directorio-300x300.png 300w, https:\/\/ldm.gob.mx\/transparencia\/wp-content\/uploads\/2025\/01\/directorio-150x150.png 150w, https:\/\/ldm.gob.mx\/transparencia\/wp-content\/uploads\/2025\/01\/directorio-500x500.png 500w, https:\/\/ldm.gob.mx\/transparencia\/wp-content\/uploads\/2025\/01\/directorio.png 512w\" sizes=\"(max-width: 46px) 100vw, 46px\" \/> Directorio de servidores p\u00fablicos<\/span><\/h2><p>Consulta el directorio oficial de servidores p\u00fablicos del Gobierno Municipal de Lagos de Moreno, con informaci\u00f3n sobre cargos, responsables de cada dependencia, tel\u00e9fonos, extensiones, domicilios de oficina y correos electr\u00f3nicos de contacto.<\/p>\t\t\t\t\t\t\t\t<\/div>\n\t\t\t\t<\/div>\n\t\t\t\t<div class=\"elementor-element elementor-element-dd00b7c elementor-widget elementor-widget-text-editor\" data-id=\"dd00b7c\" data-element_type=\"widget\" data-widget_type=\"text-editor.default\">\n\t\t\t\t<div class=\"elementor-widget-container\">\n\t\t\t\t\t\t\t\t\t<p><strong>Art\u00edculo 8. Informaci\u00f3n fundamental &#8211; General<br \/><\/strong>1. Es Informaci\u00f3n fundamental, obligatoria para todos los sujetos obligados la siguiente:<\/p>\t\t\t\t\t\t\t\t<\/div>\n\t\t\t\t<\/div>\n\t\t\t\t<div class=\"elementor-element elementor-element-047c9a0 elementor-widget-divider--view-line elementor-widget elementor-widget-divider\" data-id=\"047c9a0\" data-element_type=\"widget\" data-widget_type=\"divider.default\">\n\t\t\t\t<div class=\"elementor-widget-container\">\n\t\t\t\t\t\t\t<div class=\"elementor-divider\">\n\t\t\t<span class=\"elementor-divider-separator\">\n\t\t\t\t\t\t<\/span>\n\t\t<\/div>\n\t\t\t\t\t\t<\/div>\n\t\t\t\t<\/div>\n\t\t\t\t<div class=\"elementor-element elementor-element-9648b09 elementor-widget elementor-widget-text-editor\" data-id=\"9648b09\" data-element_type=\"widget\" data-widget_type=\"text-editor.default\">\n\t\t\t\t<div class=\"elementor-widget-container\">\n\t\t\t\t\t\t\t\t\t<p class=\"elementor-heading-title elementor-size-default\">I. LA NECESARIA PARA EL EJERCICIO DEL DERECHO A LA INFORMACI\u00d3N P\u00daBLICA, QUE COMPRENDE:\u200b<\/p>\t\t\t\t\t\t\t\t<\/div>\n\t\t\t\t<\/div>\n\t\t\t\t<div class=\"elementor-element elementor-element-f5a986c elementor-widget elementor-widget-text-editor\" data-id=\"f5a986c\" data-element_type=\"widget\" data-widget_type=\"text-editor.default\">\n\t\t\t\t<div class=\"elementor-widget-container\">\n\t\t\t\t\t\t\t\t\t<p>j) El directorio de todos los servidores p\u00fablicos del sujeto obligado, a partir del nivel de jefe de departamento o su equivalente, o de menor nivel, cuando se brinde atenci\u00f3n al p\u00fablico; manejen o apliquen recursos p\u00fablicos; realicen actos de autoridad o presten servicios profesionales bajo el r\u00e9gimen de confianza u honorarios y personal de base. El directorio deber\u00e1 incluir, al menos, el nombre, cargo o nombramiento asignado, nivel del puesto en la estructura org\u00e1nica, fecha de alta en cargo, n\u00famero telef\u00f3nico, domicilio para recibir correspondencia y direcci\u00f3n de correo electr\u00f3nico oficiales;<\/p>\t\t\t\t\t\t\t\t<\/div>\n\t\t\t\t<\/div>\n\t\t\t\t<div class=\"elementor-element elementor-element-38908e1 elementor-widget elementor-widget-wpfd_choose_file\" data-id=\"38908e1\" data-element_type=\"widget\" data-widget_type=\"wpfd_choose_file.default\">\n\t\t\t\t<div class=\"elementor-widget-container\">\n\t\t\t\t\t<div id=\"wpfd-elementor-single-file\" class=\"wpfd-elementor-single-file\"><div class=\"wpfd-single-file\">\n    <div class=\"wpfd-single-file--icon\">\n            <a href=\"https:\/\/docs.google.com\/viewer?url&#x3D;https%3A%2F%2Fldm.gob.mx%2Ftransparencia%2Fwp-admin%2Fadmin-ajax.php%3Fjuwpfisadmin%3Dfalse%26action%3Dwpfd%26task%3Dfile.download%26wpfd_category_id%3D12%26wpfd_file_id%3D70102%26token%3D%26preview%3D1&amp;embedded&#x3D;true\" alt=\"Directorio de servidores p\u00fablicos\" class=\"wpfdlightbox\">\n            <div class=\"wpfd-icon-placeholder\" style=\"background-image: url(&quot;https:\/\/ldm.gob.mx\/transparencia\/wp-content\/plugins\/wp-file-download\/app\/site\/assets\/icons\/svg\/xlsx.svg&quot;);border-radius: 4%;box-shadow: 0px 0px 0px 0px transparent;background-color: #00743e;border: 0px solid ;background-size: 100%;\"><\/div>\n        <\/a>\n    <\/div>\n\n    <div class=\"wpfd-single-file--details wpfd-file-content\">\n                        <h3 class=\"wpfd-file-content--title\"><a href=\"https:\/\/ldm.gob.mx\/transparencia\/descarga\/12\/j-el-directorio-de-todos-los-servidores-publicos-del-sujeto-obligado-a-partir-del-nivel-de-jefe-de-departamento-o-su-equivalente-o-de-menor-nivel-cuando-se-brinde-atencion-al-publico-ma\/70102\/directorio-de-servidores-publicos.xlsx\" style=\"text-decoration: none\">Directorio de servidores p\u00fablicos<\/a><\/h3>\n                <p class=\"wpfd-file-content--description\">\n                    Actualizado al 28 de Febrero del 2026\n                <\/p>\n        <div class=\"wpfd-file-content--meta\">\n                    <div>File size: 25.51 KB<\/div>\n                    <div>Created: 10-01-2025<\/div>\n                    <div>Updated: 26-03-2026<\/div>\n                    <div>Hits: 1857<\/div>\n        <\/div>\n    <\/div>\n    <div class=\"wpfd-single-file--buttons\">\n                                <a href=\"https:\/\/ldm.gob.mx\/transparencia\/descarga\/12\/j-el-directorio-de-todos-los-servidores-publicos-del-sujeto-obligado-a-partir-del-nivel-de-jefe-de-departamento-o-su-equivalente-o-de-menor-nivel-cuando-se-brinde-atencion-al-publico-ma\/70102\/directorio-de-servidores-publicos.xlsx\"  data-id=\"70102\" title=\"Actualizado al 28 de Febrero del 2026\" class=\"noLightbox wpfd_downloadlink wpfd-single-file-button wpfd-button-download\">\n                    <svg xmlns=\"http:\/\/www.w3.org\/2000\/svg\" width=\"38\" height=\"38\" viewBox=\"0 0 400 400\"><g fill=\"#ffffff\"><path d=\"M178 234v-7V24c0-13 8-23 20-24 13-1 24 9 24 23v212l5-5 44-44c10-9 23-10 32-1s9 23-1 33l-85 85c-10 11-23 11-34 0l-85-86a22 22 0 0123-37 28 28 0 018 6l44 44a31 31 0 013 5zM200 400H24c-17 0-28-14-23-29 3-10 12-15 23-16h351c12 0 21 6 24 16 5 15-6 29-22 29H200z\"\/><\/g><\/svg>\n                    <span>Download<\/span>\n                <\/a>\n                        <a href=\"https:\/\/docs.google.com\/viewer?url&#x3D;https%3A%2F%2Fldm.gob.mx%2Ftransparencia%2Fwp-admin%2Fadmin-ajax.php%3Fjuwpfisadmin%3Dfalse%26action%3Dwpfd%26task%3Dfile.download%26wpfd_category_id%3D12%26wpfd_file_id%3D70102%26token%3D%26preview%3D1&amp;embedded&#x3D;true\" class=\"wpfd-single-file-button wpfd-button-preview wpfd_previewlink wpfdlightbox\"\n                            data-id=\"70102\" data-catid=\"12\"\n                            data-file-type=\"xlsx\">\n                            <svg xmlns=\"http:\/\/www.w3.org\/2000\/svg\" width=\"38\" height=\"38\" viewBox=\"0 0 400 400\"><g fill=\"#ffffff\"><path d=\"M0 200V55C0 28 16 8 41 2a63 63 0 0115-2h289c32 0 55 23 55 54v248c0 10-6 16-15 16-8 0-14-6-14-16V56c0-16-11-27-28-27H57c-18 0-28 9-28 28v286c0 19 10 28 28 28h243c11 0 18 6 18 15s-7 14-18 14H56c-28 0-49-16-55-41a67 67 0 01-1-15V200z\"\/><path d=\"M314 302l15 15 52 51c7 7 7 14 2 20-6 6-13 5-20-2l-67-65a11 11 0 00-1-1 104 104 0 01-149-26c-29-43-20-99 20-133 39-33 99-31 137 4 38 34 45 93 11 137zm-159-64c-1 42 34 77 77 77 42 1 78-33 78-75 1-42-34-77-75-77-44-1-79 32-80 75z\"\/><\/g><\/svg>\n                            <span>Preview<\/span>\n                        <\/a>\n    <\/div>\n<\/div>\n<\/div>\t\t\t\t<\/div>\n\t\t\t\t<\/div>\n\t\t\t\t<div class=\"elementor-element elementor-element-b75cb18 elementor-widget-divider--view-line elementor-widget elementor-widget-divider\" data-id=\"b75cb18\" data-element_type=\"widget\" data-widget_type=\"divider.default\">\n\t\t\t\t<div class=\"elementor-widget-container\">\n\t\t\t\t\t\t\t<div class=\"elementor-divider\">\n\t\t\t<span class=\"elementor-divider-separator\">\n\t\t\t\t\t\t<\/span>\n\t\t<\/div>\n\t\t\t\t\t\t<\/div>\n\t\t\t\t<\/div>\n\t\t\t\t\t<\/div>\n\t\t\t\t<\/div>\n\t\t\t\t<\/div>\n\t\t","protected":false},"excerpt":{"rendered":"<p>Directorio de servidores p\u00fablicos Consulta el directorio oficial de servidores p\u00fablicos del Gobierno Municipal de Lagos de Moreno, con informaci\u00f3n sobre cargos, responsables de cada dependencia, tel\u00e9fonos, extensiones, domicilios de oficina y correos electr\u00f3nicos de contacto. Art\u00edculo 8. Informaci\u00f3n fundamental &#8211; General1. Es Informaci\u00f3n fundamental, obligatoria para todos los sujetos obligados la siguiente: I. LA [&hellip;]<\/p>\n","protected":false},"author":7,"featured_media":0,"parent":0,"menu_order":0,"comment_status":"closed","ping_status":"closed","template":"","meta":{"_acf_changed":false,"footnotes":""},"class_list":["post-32754","page","type-page","status-publish","hentry"],"acf":[],"_links":{"self":[{"href":"https:\/\/ldm.gob.mx\/transparencia\/wp-json\/wp\/v2\/pages\/32754","targetHints":{"allow":["GET"]}}],"collection":[{"href":"https:\/\/ldm.gob.mx\/transparencia\/wp-json\/wp\/v2\/pages"}],"about":[{"href":"https:\/\/ldm.gob.mx\/transparencia\/wp-json\/wp\/v2\/types\/page"}],"author":[{"embeddable":true,"href":"https:\/\/ldm.gob.mx\/transparencia\/wp-json\/wp\/v2\/users\/7"}],"replies":[{"embeddable":true,"href":"https:\/\/ldm.gob.mx\/transparencia\/wp-json\/wp\/v2\/comments?post=32754"}],"version-history":[{"count":0,"href":"https:\/\/ldm.gob.mx\/transparencia\/wp-json\/wp\/v2\/pages\/32754\/revisions"}],"wp:attachment":[{"href":"https:\/\/ldm.gob.mx\/transparencia\/wp-json\/wp\/v2\/media?parent=32754"}],"curies":[{"name":"wp","href":"https:\/\/api.w.org\/{rel}","templated":true}]}}