{"id":32740,"date":"2022-01-21T12:50:22","date_gmt":"2022-01-21T18:50:22","guid":{"rendered":"https:\/\/ldm.gob.mx\/transparencia\/?page_id=32740"},"modified":"2025-01-24T14:39:40","modified_gmt":"2025-01-24T20:39:40","slug":"redes-sociales","status":"publish","type":"page","link":"https:\/\/ldm.gob.mx\/transparencia\/redes-sociales\/","title":{"rendered":"redes sociales"},"content":{"rendered":"\t\t<div data-elementor-type=\"wp-page\" data-elementor-id=\"32740\" class=\"elementor elementor-32740\" data-elementor-post-type=\"page\">\n\t\t\t\t<div class=\"elementor-element elementor-element-5d5f2c0 e-grid e-con-boxed e-con e-parent\" data-id=\"5d5f2c0\" data-element_type=\"container\" data-e-type=\"container\">\n\t\t\t\t\t<div class=\"e-con-inner\">\n\t\t\t\t<div class=\"elementor-element elementor-element-05ef7ff elementor-widget__width-inherit elementor-widget elementor-widget-facebook-page\" data-id=\"05ef7ff\" data-element_type=\"widget\" data-e-type=\"widget\" data-widget_type=\"facebook-page.default\">\n\t\t\t\t<div class=\"elementor-widget-container\">\n\t\t\t\t\t<div class=\"elementor-facebook-widget fb-page\" data-href=\"https:\/\/www.facebook.com\/GobiernodeLagosdeMoreno\/\" data-tabs=\"timeline\" data-height=\"640px\" data-width=\"500px\" data-small-header=\"false\" data-hide-cover=\"false\" data-show-facepile=\"true\" data-hide-cta=\"false\" style=\"min-height: 1px;height:640px\"><\/div>\t\t\t\t<\/div>\n\t\t\t\t<\/div>\n\t\t\t\t<div class=\"elementor-element elementor-element-f73388f elementor-widget elementor-widget-text-editor\" data-id=\"f73388f\" data-element_type=\"widget\" data-e-type=\"widget\" data-widget_type=\"text-editor.default\">\n\t\t\t\t<div class=\"elementor-widget-container\">\n\t\t\t\t\t\t\t\t\t<p><strong>Transmisi\u00f3n en Vivo de Sesiones de Cabildo<\/strong><br \/>Consulta los videos de las sesiones de Cabildo en este espacio.<br \/><img decoding=\"async\" class=\"alignnone size-full wp-image-36104\" src=\"https:\/\/ldm.gob.mx\/transparencia\/wp-content\/uploads\/2022\/02\/Yout.jpg\" alt=\"\" width=\"36\" height=\"36\" \/><strong>\u00a0<a href=\"https:\/\/www.youtube.com\/channel\/UCs5oiQcE6ybqeGw96QLYYWw\">GobiernodeLagosdeMoreno<\/a><\/strong><\/p><p><strong>Transmisi\u00f3n en Vivo de Sesiones de Comisiones Edilicias<\/strong><br \/>Aqu\u00ed podr\u00e1s acceder a los videos de las sesiones de las Comisiones Edilicias.<br \/><img decoding=\"async\" class=\"alignnone size-full wp-image-36104\" src=\"https:\/\/ldm.gob.mx\/transparencia\/wp-content\/uploads\/2022\/02\/Yout.jpg\" alt=\"\" width=\"36\" height=\"36\" \/><strong>\u00a0<a href=\"https:\/\/www.youtube.com\/channel\/UCs5oiQcE6ybqeGw96QLYYWw\">GobiernodeLagosdeMoreno<\/a><\/strong><\/p><p><strong>Redes Sociales Oficiales<\/strong><\/p><ul><li><strong><img decoding=\"async\" class=\"alignnone  wp-image-36102\" src=\"https:\/\/ldm.gob.mx\/transparencia\/wp-content\/uploads\/2022\/02\/face.png\" alt=\"\" width=\"21\" height=\"21\" \/> Facebook:<\/strong> Gobierno de Lagos de Moreno<\/li><li><strong><img decoding=\"async\" class=\"alignnone  wp-image-36104\" src=\"https:\/\/ldm.gob.mx\/transparencia\/wp-content\/uploads\/2022\/02\/Yout.jpg\" alt=\"\" width=\"20\" height=\"20\" \/> Youtube:<\/strong> <strong>\u00a0<a href=\"https:\/\/www.youtube.com\/channel\/UCs5oiQcE6ybqeGw96QLYYWw\">GobiernodeLagosdeMoreno<\/a><\/strong><\/li><li><img loading=\"lazy\" decoding=\"async\" class=\"alignnone  wp-image-36105\" src=\"https:\/\/ldm.gob.mx\/transparencia\/wp-content\/uploads\/2022\/02\/insta.jpg\" alt=\"\" width=\"21\" height=\"21\" \/> <strong>Instagram:<\/strong> GobiernoLagosdeMoreno<\/li><\/ul>\t\t\t\t\t\t\t\t<\/div>\n\t\t\t\t<\/div>\n\t\t\t\t\t<\/div>\n\t\t\t\t<\/div>\n\t\t\t\t<\/div>\n\t\t","protected":false},"excerpt":{"rendered":"<p>Transmisi\u00f3n en Vivo de Sesiones de CabildoConsulta los videos de las sesiones de Cabildo en este espacio.\u00a0GobiernodeLagosdeMoreno Transmisi\u00f3n en Vivo de Sesiones de Comisiones EdiliciasAqu\u00ed podr\u00e1s acceder a los videos de las sesiones de las Comisiones Edilicias.\u00a0GobiernodeLagosdeMoreno Redes Sociales Oficiales Facebook: Gobierno de Lagos de Moreno Youtube: \u00a0GobiernodeLagosdeMoreno Instagram: GobiernoLagosdeMoreno<\/p>\n","protected":false},"author":1,"featured_media":0,"parent":0,"menu_order":0,"comment_status":"closed","ping_status":"closed","template":"","meta":{"_acf_changed":false,"footnotes":""},"class_list":["post-32740","page","type-page","status-publish","hentry"],"acf":[],"_links":{"self":[{"href":"https:\/\/ldm.gob.mx\/transparencia\/wp-json\/wp\/v2\/pages\/32740","targetHints":{"allow":["GET"]}}],"collection":[{"href":"https:\/\/ldm.gob.mx\/transparencia\/wp-json\/wp\/v2\/pages"}],"about":[{"href":"https:\/\/ldm.gob.mx\/transparencia\/wp-json\/wp\/v2\/types\/page"}],"author":[{"embeddable":true,"href":"https:\/\/ldm.gob.mx\/transparencia\/wp-json\/wp\/v2\/users\/1"}],"replies":[{"embeddable":true,"href":"https:\/\/ldm.gob.mx\/transparencia\/wp-json\/wp\/v2\/comments?post=32740"}],"version-history":[{"count":0,"href":"https:\/\/ldm.gob.mx\/transparencia\/wp-json\/wp\/v2\/pages\/32740\/revisions"}],"wp:attachment":[{"href":"https:\/\/ldm.gob.mx\/transparencia\/wp-json\/wp\/v2\/media?parent=32740"}],"curies":[{"name":"wp","href":"https:\/\/api.w.org\/{rel}","templated":true}]}}