{"id":24579,"date":"2021-11-29T11:52:40","date_gmt":"2021-11-29T17:52:40","guid":{"rendered":"https:\/\/ldm.gob.mx\/transparencia\/?page_id=24579"},"modified":"2021-11-29T12:13:23","modified_gmt":"2021-11-29T18:13:23","slug":"secretaria-general","status":"publish","type":"page","link":"https:\/\/ldm.gob.mx\/transparencia\/secretaria-general\/","title":{"rendered":"Secretar\u00eda General"},"content":{"rendered":"\t\t<div data-elementor-type=\"wp-page\" data-elementor-id=\"24579\" class=\"elementor elementor-24579\" data-elementor-post-type=\"page\">\n\t\t\t\t\t\t<section class=\"elementor-section elementor-top-section elementor-element elementor-element-d6f5a41 elementor-section-boxed elementor-section-height-default elementor-section-height-default\" data-id=\"d6f5a41\" data-element_type=\"section\" data-e-type=\"section\">\n\t\t\t\t\t\t<div class=\"elementor-container elementor-column-gap-default\">\n\t\t\t\t\t<div class=\"elementor-column elementor-col-100 elementor-top-column elementor-element elementor-element-c9f2354\" data-id=\"c9f2354\" data-element_type=\"column\" data-e-type=\"column\">\n\t\t\t<div class=\"elementor-widget-wrap\">\n\t\t\t\t\t\t\t<\/div>\n\t\t<\/div>\n\t\t\t\t\t<\/div>\n\t\t<\/section>\n\t\t\t\t<\/div>\n\t\t","protected":false},"excerpt":{"rendered":"<p>Secretar\u00eda General Asuntos Legales y Administrativos Registro Civil Agencias y Delegaciones Municipales Protecci\u00f3n Civil y Bomberos Enlace de Secretar\u00eda de Relaciones Exteriores Atenci\u00f3n al Migrante Secretar\u00eda General Lic. Jos\u00e9 Ignacio \u00c1ngel Cervantes. Secretario General del Ayuntamiento Calle Ju\u00e1rez esq. Francisco Gonz\u00e1lez Le\u00f3nPresidencia Municipal, Planta AltaTel: +52 (474) 741 2100Correo electr\u00f3nico:\u00a0secretariageneral@ldm.gob.mx Asuntos Legales y Administrativos Lic. [&hellip;]<\/p>\n","protected":false},"author":7,"featured_media":0,"parent":0,"menu_order":0,"comment_status":"closed","ping_status":"closed","template":"","meta":{"_acf_changed":false,"footnotes":""},"class_list":["post-24579","page","type-page","status-publish","hentry"],"acf":[],"_links":{"self":[{"href":"https:\/\/ldm.gob.mx\/transparencia\/wp-json\/wp\/v2\/pages\/24579","targetHints":{"allow":["GET"]}}],"collection":[{"href":"https:\/\/ldm.gob.mx\/transparencia\/wp-json\/wp\/v2\/pages"}],"about":[{"href":"https:\/\/ldm.gob.mx\/transparencia\/wp-json\/wp\/v2\/types\/page"}],"author":[{"embeddable":true,"href":"https:\/\/ldm.gob.mx\/transparencia\/wp-json\/wp\/v2\/users\/7"}],"replies":[{"embeddable":true,"href":"https:\/\/ldm.gob.mx\/transparencia\/wp-json\/wp\/v2\/comments?post=24579"}],"version-history":[{"count":0,"href":"https:\/\/ldm.gob.mx\/transparencia\/wp-json\/wp\/v2\/pages\/24579\/revisions"}],"wp:attachment":[{"href":"https:\/\/ldm.gob.mx\/transparencia\/wp-json\/wp\/v2\/media?parent=24579"}],"curies":[{"name":"wp","href":"https:\/\/api.w.org\/{rel}","templated":true}]}}